{"id":131,"date":"2012-12-18T14:54:37","date_gmt":"2012-12-18T13:54:37","guid":{"rendered":"http:\/\/atomic-temporary-196332977.wpcomstaging.com\/?page_id=131"},"modified":"2023-09-19T20:34:19","modified_gmt":"2023-09-19T18:34:19","slug":"dax","status":"publish","type":"page","link":"https:\/\/33simga.fr\/index.php\/periph\/les-landes\/dax\/","title":{"rendered":"Dax"},"content":{"rendered":"\n<h1 class=\"wp-block-heading\">L&rsquo;Hopital<\/h1>\n\n\n\n<p>Centre Hospitalier de Dax<br>Boulevard Yves du Manoir<br>BP 323 &#8211; 40107 Dax Cedex<br>T\u00e9l : 05-58-91-48-48<\/p>\n\n\n\n<p>Pas d&rsquo;internat propos\u00e9 par l&rsquo;h\u00f4pital.<br>De nombreuses colocation se forme en p\u00e9riph\u00e9rie de Dax (avec piscine&#8230;.!!)<\/p>\n\n\n\n<p><strong>Remarques sp\u00e9cifiques&nbsp;:<\/strong><\/p>\n\n\n\n<p>Le self avec nourriture diversifi\u00e9, glaces, gaufre, boissons \u00e0 volont\u00e9, pizza faites maison : \u00c9lu MEILLEUR SELF de France !!!!<br>Plage \u00e0 30 min en voiture<br>Parking \u00e0 l\u0092&rsquo;internat et \u00e0 l\u0092&rsquo;h\u00f4pital<br>Les f\u00eates de DAX\u00a0!!<\/p>\n","protected":false},"excerpt":{"rendered":"<p>L&rsquo;Hopital Centre Hospitalier de DaxBoulevard Yves du ManoirBP 323 &#8211; 40107 Dax CedexT\u00e9l : 05-58-91-48-48 Pas d&rsquo;internat propos\u00e9 par l&rsquo;h\u00f4pital.De nombreuses colocation se forme en p\u00e9riph\u00e9rie de Dax (avec piscine&#8230;.!!) Remarques sp\u00e9cifiques&nbsp;: Le self avec nourriture diversifi\u00e9, glaces, gaufre, boissons \u00e0 volont\u00e9, pizza faites maison : \u00c9lu MEILLEUR SELF de France !!!!Plage \u00e0 30 min&hellip; <br \/> <a class=\"read-more\" href=\"https:\/\/33simga.fr\/index.php\/periph\/les-landes\/dax\/\">Lire la suite<\/a><\/p>\n","protected":false},"author":1,"featured_media":0,"parent":456,"menu_order":7,"comment_status":"closed","ping_status":"closed","template":"","meta":{"footnotes":""},"class_list":["post-131","page","type-page","status-publish","hentry"],"_links":{"self":[{"href":"https:\/\/33simga.fr\/index.php\/wp-json\/wp\/v2\/pages\/131","targetHints":{"allow":["GET"]}}],"collection":[{"href":"https:\/\/33simga.fr\/index.php\/wp-json\/wp\/v2\/pages"}],"about":[{"href":"https:\/\/33simga.fr\/index.php\/wp-json\/wp\/v2\/types\/page"}],"author":[{"embeddable":true,"href":"https:\/\/33simga.fr\/index.php\/wp-json\/wp\/v2\/users\/1"}],"replies":[{"embeddable":true,"href":"https:\/\/33simga.fr\/index.php\/wp-json\/wp\/v2\/comments?post=131"}],"version-history":[{"count":2,"href":"https:\/\/33simga.fr\/index.php\/wp-json\/wp\/v2\/pages\/131\/revisions"}],"predecessor-version":[{"id":3889,"href":"https:\/\/33simga.fr\/index.php\/wp-json\/wp\/v2\/pages\/131\/revisions\/3889"}],"up":[{"embeddable":true,"href":"https:\/\/33simga.fr\/index.php\/wp-json\/wp\/v2\/pages\/456"}],"wp:attachment":[{"href":"https:\/\/33simga.fr\/index.php\/wp-json\/wp\/v2\/media?parent=131"}],"curies":[{"name":"wp","href":"https:\/\/api.w.org\/{rel}","templated":true}]}}