{"id":1141,"date":"2017-07-09T17:46:23","date_gmt":"2017-07-09T16:46:23","guid":{"rendered":"http:\/\/atomic-temporary-196332977.wpcomstaging.com\/?page_id=1141"},"modified":"2023-09-19T21:38:08","modified_gmt":"2023-09-19T19:38:08","slug":"liens-utiles","status":"publish","type":"page","link":"https:\/\/33simga.fr\/index.php\/formation\/liens-utiles\/","title":{"rendered":"Sites (tr\u00e8s) utiles"},"content":{"rendered":"\n<p><span style=\"color:#1cc9c9;\"><strong>A propos de vos \u00e9tudes<\/strong> <\/span>:<br> &#8211; le site du <a href=\"https:\/\/sante.u-bordeaux.fr\/Espace-etudiant\/Tout-sur-vos-etudes\/Medecine\/DES-de-Medecine-generale\/Enseignements\">D\u00e9partement de M\u00e9decine G\u00e9n\u00e9rale<\/a>&nbsp;de Bordeaux est une mine d&rsquo;or \u00e0 fouiller !<br> &#8211; le site des <a href=\"https:\/\/internes.chu-bordeaux.fr\/Affaires-m\u00e9dicales\/\">affaires m\u00e9dicales<\/a> du CHU de Bordeaux<br> &#8211; le site de l&rsquo;<a href=\"https:\/\/ent.u-bordeaux.fr\/uPortal\/f\/welcome-lo\/normal\/render.uP\">ENT<\/a> : acc\u00e8s \u00e0 votre boite mail universitaire et \u00e0 la biblioth\u00e8que en ligne universitaire<br> &#8211; le site <a href=\"https:\/\/formatoile2.u-bordeaux.fr\/?redirect=0\">formatoile <\/a>: acc\u00e8s \u00e0 votre portfolio et \u00e0 vos diaporamas des cours<br> &#8211; le site de l&rsquo;<a href=\"https:\/\/www.nouvelle-aquitaine.ars.sante.fr\/\">ARS Aquitaine<\/a><\/p>\n\n\n\n<p><span style=\"color:#1cc9c9;\"><strong>A propos des syndicats<\/strong> <\/span>:<br><a href=\"https:\/\/www.isnar-img.com\/\">&#8211;<\/a> <a href=\"https:\/\/www.isnar-img.com\/\">L\u0092ISNAR-IMG<\/a>&nbsp;est une intersyndicale nationale, c\u0092&rsquo;est-\u00e0-dire une structure qui regroupe plusieurs syndicats et associations r\u00e9gionales d\u0092&rsquo;internes de m\u00e9decine g\u00e9n\u00e9rale, soit 22 villes facultaires.<br>&#8211; <a href=\"https:\/\/www.reagjir.fr\/\">Le Regroupement Autonome des G\u00e9n\u00e9ralistes Jeunes Install\u00e9s et Rempla\u00e7ants&nbsp;<\/a>(ReAGJIR) est une intersyndicale f\u00e9d\u00e9rant 15 structures r\u00e9gionales adh\u00e9rentes. Il repr\u00e9sente les rempla\u00e7ants en m\u00e9decine g\u00e9n\u00e9rale, les g\u00e9n\u00e9ralistes jeunes install\u00e9s depuis moins de 5 ans (quel que soit leur mode d\u0092&rsquo;exercice en soins primaires) et les Chefs de Clinique de m\u00e9decine g\u00e9n\u00e9rale.<\/p>\n\n\n\n<p><strong><span style=\"color:#1cc9c9;\">A propos de la sp\u00e9cialit\u00e9 de m\u00e9decine g\u00e9n\u00e9rale <\/span>:<br>\n<\/strong>&#8211; <a href=\"http:\/\/www.sfmg.org\">Soci\u00e9t\u00e9 Fran\u00e7aise de M\u00e9decine G\u00e9n\u00e9rale<\/a> :&nbsp;<a href=\"http:\/\/www.sfmg.org\">www.sfmg.org<\/a><br>\n&#8211; <a href=\"http:\/\/www.cnge.fr\">Coll\u00e8ge National des G\u00e9n\u00e9ralistes Enseignants<\/a><\/p>\n\n\n\n<p><span style=\"color:#1cc9c9;\"><strong>A propos de formation ind\u00e9pendante<\/strong><\/span><span style=\"color:#000000;\"> :<br> &#8211; la <a href=\"https:\/\/www.prescrire.org\/fr\/Summary.aspx\">Revue Prescrire<\/a> est une Revue de litt\u00e9rature ind\u00e9pendante qui souhaite apporter aux professionnels de sant\u00e9, et gr\u00e2ce&nbsp;\u00e0 eux, aux patients, les informations claires, synth\u00e9tiques et fiables dont ils ont besoin, en particulier sur les m\u00e9dicaments et&nbsp;les strat\u00e9gies diagnostiques et th\u00e9rapeutiques. De tr\u00e8s nombreux articles sont applicables au quotidien de la m\u00e9decine g\u00e9n\u00e9rale.<br> &#8211; le <a href=\"https:\/\/formindep.fr\">Formindep<\/a> est une association qui s\u0092&rsquo;engage pour une m\u00e9decine fond\u00e9e sur les meilleures preuves scientifiques et le seul int\u00e9r\u00eat du patient<br> <\/span>&#8211; la <a href=\"https:\/\/www.transparence.sante.gouv.fr\/flow\/main?execution=e4s1\">base de transparence publique<\/a>&nbsp;pilot\u00e9e par le &nbsp;Minist\u00e8re des Solidarit\u00e9s et de la Sant\u00e9 est une base de donn\u00e9es publiques qui recense les liens d&rsquo;int\u00e9r\u00eats des professionnels de sant\u00e9. Elle est accessible par tout le monde, de fa\u00e7on rapide, anonyme et gratuite.<\/p>\n\n\n\n<p><strong><span style=\"color:#1cc9c9;\">A propos des catalogues de r\u00e9f\u00e9rences&nbsp;<\/span>:<br> <\/strong>&#8211; <a href=\"http:\/\/www.esculape.com\/1sommaire.html\">Esculape<\/a> : Site de la m\u00e9decine g\u00e9n\u00e9rale francophone<br> &#8211; <a href=\"http:\/\/www.sfmg.org\/theorie_pratique\/outils_de_la_demarche_medicale\/la_doc_du_doc\/sites_utiles_en_consultation_de_medecine_generale.html\">Outils d&rsquo;aide \u00e0 la d\u00e9marche m\u00e9dicale<\/a><\/p>\n\n\n\n<p><strong><span style=\"color:#1cc9c9;\">A propos de l&rsquo;\u00e9ducation th\u00e9rapeutique<\/span>\u00a0:<br> <\/strong>&#8211; <a href=\"https:\/\/irepsna.org\/les-catalogues-doutils-pedagogiques\/\">Site de l&rsquo;IREP<\/a><a href=\"https:\/\/irepsna.org\/les-catalogues-doutils-pedagogiques\/\" data-type=\"link\" data-id=\"https:\/\/irepsna.org\/les-catalogues-doutils-pedagogiques\/\">S Nouvelle Aquitaine<\/a> : de nombreux catalogues dont un catalogue d&rsquo;aide \u00e0 l&rsquo;\u00e9ducation th\u00e9rapeutique.<\/p>\n\n\n\n<p><strong><span style=\"color:#1cc9c9;\">A propos des sp\u00e9cialit\u00e9s <\/span>:<br> <\/strong>&#8211; <a href=\"http:\/\/www.antibioclic.com\">Antibioclic<\/a> : aide \u00e0 la prescription d\u0092&rsquo;antibiotiques en soins primaires<br> &#8211; <a href=\"http:\/\/www.bichat-larib.com\/peau\/peau.test.php\">Aide en Dermato<\/a>: phototh\u00e8que sous forme de quiz en dermato<br> &#8211; <a href=\"http:\/\/gbu.radiologie.fr\/\">Gbu.radiologie<\/a>\u00a0: Guide du Bon Usage des examens radiologiques<br> &#8211; <a href=\"http:\/\/gestaclic.fr\/\">Gestaclic<\/a>\u00a0: Calendrier de suivi de grossesse<br> &#8211; <a href=\"http:\/\/www.aporose.fr\/\">Aporose<\/a>\u00a0: Gestion de l\u0092&rsquo;ost\u00e9oporose en soins primaire<br> &#8211; <a href=\"http:\/\/www.pediadoc.fr\">Pediadoc<\/a>\u00a0: Suivi des enfants de 0 \u00e0 2 ans<br> &#8211; <a href=\"http:\/\/www.ascodocpsy.org\/\">Ascodocpsy<\/a>\u00a0: Documentation sant\u00e9 mentale<br> &#8211; <a href=\"https:\/\/www.ophtalmoclic.fr\/\">Ophtalmoclic<\/a> : aide \u00e0 la prise en charge des pathologies ophtalmologiques<br> &#8211; <a href=\"http:\/\/fr.appli.choisirunpansement.com\/\">Choisir un pansement<\/a>: aide au choix des pansements<br> &#8211; <a href=\"https:\/\/demenceclic.fr\/index.html\">D\u00e9mence clic<\/a> : Aide \u00e0 la prise en charge en m\u00e9decine ambulatoire des d\u00e9mences.<\/p>\n\n\n\n<p><strong><span style=\"color:#993366;\"><span style=\"color:#1cc9c9;\">Autres<\/span>&nbsp;<\/span>:<br>\n<\/strong>&#8211; <a href=\"http:\/\/www.orpha.net\/consor\/cgi-bin\/index.php?lng=FR\">Orphanet<\/a> \u00ab&nbsp;Le portail des maladies rares et des m\u00e9dicaments orphelins&nbsp;\u00bb<br>\n&#8211; <a href=\"http:\/\/www.traducmed.fr\/\">Traducmed<\/a> \u00ab&nbsp;Aide traduction pour les patients migrants&nbsp;\u00bb<br>\n&#8211; <a href=\"http:\/\/kitmedical.fr\/\">Kitmedical <\/a>Bo\u00eete \u00e0 outils d&rsquo;aide \u00e0 la consultation<\/p>\n\n\n\n<p><\/p>\n","protected":false},"excerpt":{"rendered":"<p>A propos de vos \u00e9tudes : &#8211; le site du D\u00e9partement de M\u00e9decine G\u00e9n\u00e9rale&nbsp;de Bordeaux est une mine d&rsquo;or \u00e0 fouiller ! &#8211; le site des affaires m\u00e9dicales du CHU de Bordeaux &#8211; le site de l&rsquo;ENT : acc\u00e8s \u00e0 votre boite mail universitaire et \u00e0 la biblioth\u00e8que en ligne universitaire &#8211; le site formatoile&hellip; <br \/> <a class=\"read-more\" href=\"https:\/\/33simga.fr\/index.php\/formation\/liens-utiles\/\">Lire la suite<\/a><\/p>\n","protected":false},"author":1,"featured_media":0,"parent":2758,"menu_order":0,"comment_status":"closed","ping_status":"closed","template":"","meta":{"footnotes":""},"class_list":["post-1141","page","type-page","status-publish","hentry"],"_links":{"self":[{"href":"https:\/\/33simga.fr\/index.php\/wp-json\/wp\/v2\/pages\/1141","targetHints":{"allow":["GET"]}}],"collection":[{"href":"https:\/\/33simga.fr\/index.php\/wp-json\/wp\/v2\/pages"}],"about":[{"href":"https:\/\/33simga.fr\/index.php\/wp-json\/wp\/v2\/types\/page"}],"author":[{"embeddable":true,"href":"https:\/\/33simga.fr\/index.php\/wp-json\/wp\/v2\/users\/1"}],"replies":[{"embeddable":true,"href":"https:\/\/33simga.fr\/index.php\/wp-json\/wp\/v2\/comments?post=1141"}],"version-history":[{"count":7,"href":"https:\/\/33simga.fr\/index.php\/wp-json\/wp\/v2\/pages\/1141\/revisions"}],"predecessor-version":[{"id":3912,"href":"https:\/\/33simga.fr\/index.php\/wp-json\/wp\/v2\/pages\/1141\/revisions\/3912"}],"up":[{"embeddable":true,"href":"https:\/\/33simga.fr\/index.php\/wp-json\/wp\/v2\/pages\/2758"}],"wp:attachment":[{"href":"https:\/\/33simga.fr\/index.php\/wp-json\/wp\/v2\/media?parent=1141"}],"curies":[{"name":"wp","href":"https:\/\/api.w.org\/{rel}","templated":true}]}}